{"id":10773,"date":"2018-07-12T08:23:49","date_gmt":"2018-07-12T08:23:49","guid":{"rendered":"http:\/\/www.drgozdecosar.com\/?page_id=10773"},"modified":"2023-08-15T14:16:53","modified_gmt":"2023-08-15T14:16:53","slug":"hakkimda","status":"publish","type":"page","link":"https:\/\/www.drgozdecosar.com\/en\/hakkimda\/","title":{"rendered":"About Us"},"content":{"rendered":"<p>[vc_row][vc_column]<div id=\"1531387688794-00b0812d-5295\" class=\"dt-sc-empty-space\"><\/div>[\/vc_column][vc_column width=&#8221;1\/2&#8243; el_class=&#8221;rs_col-sm-12&#8243; offset=&#8221;vc_col-lg-6 vc_col-md-12&#8243;]<h2 class=\"dt-sc-dark-title\">   Dr. G\u00f6zde Co\u015far Seyhan, M.D.     <\/h2><div id=\"1531383816214-08a92233-a25c\" class=\"dt-sc-empty-space\"><\/div>[vc_column_text]<\/p>\n<p>With Dermatology Specialist Dr. G\u00f6zde Co\u015far Seyhan at our clinic, our goal is to provide the diagnosis, up-to-date scientific treatment, and follow-up for all kinds of skin, hair, and nail diseases. Additionally, we plan to offer high-standard services to help you achieve your best self through non-surgical natural aesthetic procedures using state-of-the-art laser devices and the highest quality products.<\/p>\n<p>To schedule an appointment or inquire about anything you&#8217;re curious about, feel free to get in touch with us.[\/vc_column_text]<a href='http:\/\/www.drgozdecosar.com\/iletisim\/' target='_self' title='' class='dt-sc-button   medium   filled fully-rounded-corner  ' > Contact Us <\/a><div id=\"1533196405836-506e7c9a-193f\" class=\"dt-sc-empty-space\"><\/div>[\/vc_column][vc_column width=&#8221;1\/2&#8243; el_class=&#8221;rs_col-sm-12&#8243; offset=&#8221;vc_col-lg-6 vc_col-md-12&#8243;][vc_row_inner el_class=&#8221;dt-sc-dual-img&#8221;][vc_column_inner]<img width=\"445\" height=\"300\" src=\"https:\/\/www.drgozdecosar.com\/wp-content\/uploads\/2022\/10\/GOZDE-COSAR-HAKKIMDA-1.png\" class=\"alignnone dt-sc-main-img attachment-full\" alt=\"\" loading=\"lazy\" title=\"GOZDE-COSAR-HAKKIMDA-1\" srcset=\"https:\/\/www.drgozdecosar.com\/wp-content\/uploads\/2022\/10\/GOZDE-COSAR-HAKKIMDA-1.png 445w, https:\/\/www.drgozdecosar.com\/wp-content\/uploads\/2022\/10\/GOZDE-COSAR-HAKKIMDA-1-300x202.png 300w\" sizes=\"(max-width: 445px) 100vw, 445px\" \/>[\/vc_column_inner][\/vc_row_inner][\/vc_column][vc_column]<div id=\"1531390474883-0ac0cbe2-a8d1\" class=\"dt-sc-empty-space\"><\/div>[\/vc_column][\/vc_row][vc_row][vc_column width=&#8221;1\/2&#8243;]<h2>Association Memberships<\/h2><ul class='dt-sc-fancy-list  dt-skin-primary-color circle-bullet'>\n<\/p>\n<li>Turkish Society of Dermatology<\/li>\n<li>Association of Dermatology and Venereology<\/li>\n<li>Association of Aesthetic and Cosmetic Dermatology<\/li>\n<p>\n<\/ul><div id=\"1531391880068-d9602e9c-f2f4\" class=\"dt-sc-empty-space\"><\/div>[\/vc_column][vc_column width=&#8221;1\/2&#8243;]<h2>Graduations<\/h2>[vc_column_text]<\/p>\n<ul><br \/>\n<\/p>\n<li>Nev\u015fehir H. Avni \u0130ncekara Science High School, 2003-2006<\/li>\n<li>Cumhuriyet University Faculty of Medicine, 2006-2012<\/li>\n<li>Istanbul Bak\u0131rk\u00f6y Dr. Sadi Konuk Training and Research Hospital Dermatology and Venereology Clinic, 2014-2019<\/li>\n<p>\n<\/ul>\n<p>[\/vc_column_text]<div id=\"1662373066858-c3cffd05-7328\" class=\"dt-sc-empty-space\"><\/div>[\/vc_column][\/vc_row][vc_row][vc_column width=&#8221;1\/2&#8243;]<h2>Areas of Interest<\/h2>\n<\/p>\n<h3><strong>1- Dermocosmetic Applications<\/strong><\/h3>\n<ul class='dt-sc-fancy-list  dt-skin-primary-color circle-bullet'>\n<li>Botulinum Toxin (Botox) Applications<\/li>\n<li>Dermal Filler Treatments<\/li>\n<li>PRP and Stem Cell Therapy<\/li>\n<li>Mesotherapy<\/li>\n<li>Thread Lift<\/li>\n<li>Laser Treatments<\/li>\n<\/ul>\n<p>&nbsp;<\/p>\n<h3><strong>2- Clinical Dermatology<\/strong><\/h3>\n<ul class='dt-sc-fancy-list  dt-skin-primary-color circle-bullet'>\n<li>Psoriasis<\/li>\n<li>Urticaria (Allergic Skin Reaction)<\/li>\n<li>Eczema<\/li>\n<li>Acne<\/li>\n<li>Rosacea<\/li>\n<li>Pigmentation Disorders (Skin Spots)<\/li>\n<li>Hair Disorders<\/li>\n<li>Autoimmune Bullous Dermatoses<\/li>\n<li>Pediatric Dermatology<\/li>\n<\/ul>\n<p><div id=\"1662373800408-0dfaaac2-1dd0\" class=\"dt-sc-empty-space\"><\/div>[\/vc_column][vc_column width=&#8221;1\/2&#8243;]<h2>Specialization Thesis<\/h2>[vc_column_text]<\/p>\n<p>Relationship Between Pemphigus Group Diseases and HLA-DQA1*05, HLA-DQB1*02 and HLA-DQB1*03:02 Genes[\/vc_column_text]<div id=\"1662373186576-731e0b24-b4ea\" class=\"dt-sc-empty-space\"><\/div>[\/vc_column][\/vc_row][vc_row][vc_column]<h2>Research and Publications<\/h2>[vc_column_text]<br \/>\n<strong>I. <\/strong><strong>Articles Published in International Peer-Reviewed Journals<\/strong><\/p>\n<p>Bademci G, Abad C, Cengiz FB, Seyhan S, Incesulu A, Guo S, Fitoz S, Atli EI, Gosstola NC, Demir S, Colbert BM, Seyhan GC, Sineni CJ, Duman D, Gurkan H, Morton CC, Dykxhoorn DM, Walz K, Tekin M.&#8221;Long-rangecis-regulatory elements controlling GDF6 expression are essential forear development.&#8221;, J Clin Invest. 2020 Aug 3;130(8):4213-4217.[\/vc_column_text]\n<strong>II. Poster Presentations<\/strong>\n<\/p>\n<p><\/p>\n<ol>\n<li>Cosar Seyhan G, Kavak A, Erdogan B, Filiz AS, Sakiz D. &#8220;Pigment Penile Squamous Cell Carcinoma: A Case Presentation&#8221;, Dermatology Spring Symposium, April 10, 2015, Antalya.<\/li>\n<li>Filiz AS, Kavak A, Erdogan B, Cosar Seyhan G, Sakiz D. &#8220;Penile Lichen Sclerosus Presenting with Acute Ulceration: A Case Presentation&#8221;, Dermatology Spring Symposium, April 10, 2015, Antalya.<\/li>\n<li>Ozaslan M, Cosar Seyhan G, Kavak A, Erdogan B, Topkarci Z, Sakiz D. &#8220;Coexistence of Erythema Elevatum Diutinum and Pyoderma Gangrenosum&#8221;, 22nd Prof. Dr. A. L\u00fctf\u00fc Tat Symposium, November 18-22, 2015, Ankara.<\/li>\n<li>Cosar Seyhan G, Topkarci Z, Erdogan B, Kavak A. &#8220;Transient Pustular Melanosis of the Newborn&#8221;, 26th National Dermatology Congress, October 19-23, 2016, Antalya.<\/li>\n<li>Cosar Seyhan G, Topkarci Z, Kavak A, Bes C, Aktas A. &#8220;Bilateral Painless Purpura on the Helices of the Ears&#8221;, 23rd Prof. Dr. A. L\u00fctf\u00fc Tat Symposium, November 22-26, 2017, Ankara.<\/li>\n<li>Gunay NY, Cosar Seyhan G, Topkarci Z, Erdogan B, Kavak A, Varnali E, Sakiz D, Sar M, Seyhan S. &#8220;Cowden Syndrome: A Case Presentation&#8221;, 23rd Prof. Dr. A. L\u00fctf\u00fc Tat Symposium, November 22-26, 2017, Ankara. <\/li>\n<\/ol>\n<p>\n<strong>III. Participation in Symposia, Congresses, and Meetings<\/strong>\n<\/p>\n<p><\/p>\n<ol>\n<li>Dermatooncology Days &#8211; Skin Lymphomas School, January 17, 2015, Istanbul<\/li>\n<li>Dermatology Spring Symposium, Dermatopathology Course, April 9, 2015, Antalya<\/li>\n<li>Dermatoallergy Course, May 23, 2015, Istanbul<\/li>\n<li>Turkish Pediatric Dermatology Association, Pediatric Dermatology Course, May 30, 2015, Istanbul<\/li>\n<li>Dermatology Skills School, March 25-26, 2017, Ankara<\/li>\n<li>Dermatooncology Days &#8211; Skin Cancer School, April 1, 2017, Istanbul<\/li>\n<li>Advances in Dermatology Symposium, May 18-21, 2017, Antalya<\/li>\n<li>Dermatology Winter School, December 13-17, 2017, Antalya<\/li>\n<li>Prof. Dr. A. L\u00fctf\u00fc Tat Symposium, Cosmetic Dermatology Course, November 26, 2017, Ankara<\/li>\n<li>Health Sciences University 1st Celalettin Muhtar Dermatology Days, November 4, 2018, Istanbul<\/li>\n<li>B\u00fclent Ba\u011fc\u0131 Aesthetic Academy Filler Course, July 4, 2021, Istanbul<\/li>\n<li>Complication Management in Aesthetic and Cosmetic Procedures, February 20, 2022, Istanbul<\/li>\n<li>Mesotherapy Congress, March 18-20, 2022, Istanbul<\/li>\n<\/ol>\n<p>\n<strong>IV. Professional Certificates<\/strong>\n<\/p>\n<p><\/p>\n<ol>\n<li>Face and Body Aesthetic Solutions \u2013 January 22, 2015 \u2013 Istanbul<\/li>\n<li>Laser and Non-Laser Device Applications I \u2013 March 25, 2018 \u2013 Istanbul<\/li>\n<li>Upper Face Filler Applications \u2013 November 23, 2020<\/li>\n<li>Mid-Face Filler Applications \u2013 November 30, 2020<\/li>\n<li>Lower Face Filler Applications \u2013 December 7, 2020<\/li>\n<li>13th A to Z Dermocosmetic Applications Course (Botulinum Toxin, Fillers, Mesotherapy, PRP, Laser Treatments, Thread Lift, Stem Cell Applications), January 8-9, 2022, Istanbul<\/li>\n<\/ol>\n<p><div id=\"1662373357293-b41c4a95-daf9\" class=\"dt-sc-empty-space\"><\/div>[\/vc_column][\/vc_row]<\/p>","protected":false},"excerpt":{"rendered":"<p>[vc_row][vc_column][\/vc_column][vc_column width=&#8221;1\/2&#8243; el_class=&#8221;rs_col-sm-12&#8243; offset=&#8221;vc_col-lg-6 vc_col-md-12&#8243;][vc_column_text] With Dermatology Specialist Dr. G\u00f6zde Co\u015far Seyhan at our clinic, our goal is to provide the diagnosis, up-to-date scientific treatment, and follow-up for all kinds of skin, hair, and nail diseases. Additionally, we plan to offer high-standard services to help you achieve your best self through non-surgical natural aesthetic procedures [&hellip;]<\/p>\n","protected":false},"author":1,"featured_media":0,"parent":0,"menu_order":0,"comment_status":"closed","ping_status":"closed","template":"","meta":[],"_links":{"self":[{"href":"https:\/\/www.drgozdecosar.com\/en\/wp-json\/wp\/v2\/pages\/10773"}],"collection":[{"href":"https:\/\/www.drgozdecosar.com\/en\/wp-json\/wp\/v2\/pages"}],"about":[{"href":"https:\/\/www.drgozdecosar.com\/en\/wp-json\/wp\/v2\/types\/page"}],"author":[{"embeddable":true,"href":"https:\/\/www.drgozdecosar.com\/en\/wp-json\/wp\/v2\/users\/1"}],"replies":[{"embeddable":true,"href":"https:\/\/www.drgozdecosar.com\/en\/wp-json\/wp\/v2\/comments?post=10773"}],"version-history":[{"count":34,"href":"https:\/\/www.drgozdecosar.com\/en\/wp-json\/wp\/v2\/pages\/10773\/revisions"}],"predecessor-version":[{"id":13790,"href":"https:\/\/www.drgozdecosar.com\/en\/wp-json\/wp\/v2\/pages\/10773\/revisions\/13790"}],"wp:attachment":[{"href":"https:\/\/www.drgozdecosar.com\/en\/wp-json\/wp\/v2\/media?parent=10773"}],"curies":[{"name":"wp","href":"https:\/\/api.w.org\/{rel}","templated":true}]}}